{"id":6993,"date":"2025-06-26T13:17:39","date_gmt":"2025-06-26T11:17:39","guid":{"rendered":"https:\/\/www.saintes-escrime.com\/wpces\/?page_id=6993"},"modified":"2025-08-25T18:04:36","modified_gmt":"2025-08-25T16:04:36","slug":"inscriptions","status":"publish","type":"page","link":"https:\/\/www.saintes-escrime.com\/wpces\/inscriptions\/","title":{"rendered":"Inscriptions"},"content":{"rendered":"\t\t<div data-elementor-type=\"wp-page\" data-elementor-id=\"6993\" class=\"elementor elementor-6993\">\n\t\t\t\t<div class=\"elementor-element elementor-element-422e538 e-flex e-con-boxed e-con e-parent\" data-id=\"422e538\" data-element_type=\"container\">\n\t\t\t\t\t<div class=\"e-con-inner\">\n\t\t\t\t<div class=\"elementor-element elementor-element-38b6578 elementor-widget elementor-widget-text-editor\" data-id=\"38b6578\" data-element_type=\"widget\" data-widget_type=\"text-editor.default\">\n\t\t\t\t<div class=\"elementor-widget-container\">\n\t\t\t\t\t\t\t\t\t<h3>SAISON 2025 \/ 2026\u00a0<\/h3><p><strong>D\u00e9but des cours le <span style=\"text-decoration: underline;\">10 Septembre 2025<\/span><\/strong><\/p>\t\t\t\t\t\t\t\t<\/div>\n\t\t\t\t<\/div>\n\t\t\t\t<div class=\"elementor-element elementor-element-aa99940 elementor-widget elementor-widget-html\" data-id=\"aa99940\" data-element_type=\"widget\" data-widget_type=\"html.default\">\n\t\t\t\t<div class=\"elementor-widget-container\">\n\t\t\t\t\t<iframe src=\"https:\/\/www.saintes-escrime.com\/erp\/htdocs\/public\/members\/new.php\" height=\"1000px\"><\/iframe>\t\t\t\t<\/div>\n\t\t\t\t<\/div>\n\t\t\t\t\t<\/div>\n\t\t\t\t<\/div>\n\t\t<div class=\"elementor-element elementor-element-cd32f86 e-flex e-con-boxed e-con e-parent\" data-id=\"cd32f86\" data-element_type=\"container\">\n\t\t\t\t\t<div class=\"e-con-inner\">\n\t\t\t\t<div class=\"elementor-element elementor-element-7410cb2 elementor-widget-divider--view-line elementor-widget elementor-widget-divider\" data-id=\"7410cb2\" data-element_type=\"widget\" data-widget_type=\"divider.default\">\n\t\t\t\t<div class=\"elementor-widget-container\">\n\t\t\t\t\t\t\t<div class=\"elementor-divider\">\n\t\t\t<span class=\"elementor-divider-separator\">\n\t\t\t\t\t\t<\/span>\n\t\t<\/div>\n\t\t\t\t\t\t<\/div>\n\t\t\t\t<\/div>\n\t\t\t\t\t<\/div>\n\t\t\t\t<\/div>\n\t\t<div class=\"elementor-element elementor-element-2694b6b e-flex e-con-boxed e-con e-parent\" data-id=\"2694b6b\" data-element_type=\"container\">\n\t\t\t\t\t<div class=\"e-con-inner\">\n\t\t\t\t<div class=\"elementor-element elementor-element-8229704 e-n-tabs-mobile elementor-widget elementor-widget-n-tabs\" data-id=\"8229704\" data-element_type=\"widget\" data-settings=\"{&quot;horizontal_scroll&quot;:&quot;disable&quot;}\" data-widget_type=\"nested-tabs.default\">\n\t\t\t\t<div class=\"elementor-widget-container\">\n\t\t\t\t\t\t\t<div class=\"e-n-tabs\" data-widget-number=\"136484612\" aria-label=\"Onglets. Ouvrez des \u00e9l\u00e9ments avec Entrer ou Espace, fermez-les avec Echape et naviguez \u00e0 l&#039;aide des touches fl\u00e9ch\u00e9es.\">\n\t\t\t<div class=\"e-n-tabs-heading\" role=\"tablist\">\n\t\t\t\t\t<button id=\"e-n-tab-title-1364846121\" class=\"e-n-tab-title\" aria-selected=\"true\" data-tab-index=\"1\" role=\"tab\" tabindex=\"0\" aria-controls=\"e-n-tab-content-1364846121\" style=\"--n-tabs-title-order: 1;\">\n\t\t\t\t\t\t<span class=\"e-n-tab-title-text\">\n\t\t\t\tCat\u00e9gories\t\t\t<\/span>\n\t\t<\/button>\n\t\t\t\t<button id=\"e-n-tab-title-1364846122\" class=\"e-n-tab-title\" aria-selected=\"false\" data-tab-index=\"2\" role=\"tab\" tabindex=\"-1\" aria-controls=\"e-n-tab-content-1364846122\" style=\"--n-tabs-title-order: 2;\">\n\t\t\t\t\t\t<span class=\"e-n-tab-title-text\">\n\t\t\t\tDocuments \u00e0 fournir\t\t\t<\/span>\n\t\t<\/button>\n\t\t\t\t<button id=\"e-n-tab-title-1364846123\" class=\"e-n-tab-title\" aria-selected=\"false\" data-tab-index=\"3\" role=\"tab\" tabindex=\"-1\" aria-controls=\"e-n-tab-content-1364846123\" style=\"--n-tabs-title-order: 3;\">\n\t\t\t\t\t\t<span class=\"e-n-tab-title-text\">\n\t\t\t\tTarifs\t\t\t<\/span>\n\t\t<\/button>\n\t\t\t\t\t<\/div>\n\t\t\t<div class=\"e-n-tabs-content\">\n\t\t\t\t<div id=\"e-n-tab-content-1364846121\" role=\"tabpanel\" aria-labelledby=\"e-n-tab-title-1364846121\" data-tab-index=\"1\" style=\"--n-tabs-title-order: 1;\" class=\"e-active elementor-element elementor-element-5df7a37 e-con-full e-flex e-con e-child\" data-id=\"5df7a37\" data-element_type=\"container\">\n\t\t\t\t<div class=\"elementor-element elementor-element-7fb1bcc elementor-widget elementor-widget-image\" data-id=\"7fb1bcc\" data-element_type=\"widget\" data-widget_type=\"image.default\">\n\t\t\t\t<div class=\"elementor-widget-container\">\n\t\t\t\t\t\t\t\t\t\t\t\t\t\t\t<img fetchpriority=\"high\" decoding=\"async\" width=\"600\" height=\"756\" src=\"https:\/\/www.saintes-escrime.com\/wpces\/wp-content\/uploads\/2025\/08\/screenshot.1667978967-600x756.png\" class=\"attachment-portfolio_item-masonry size-portfolio_item-masonry wp-image-7289\" alt=\"\" srcset=\"https:\/\/www.saintes-escrime.com\/wpces\/wp-content\/uploads\/2025\/08\/screenshot.1667978967-600x756.png 600w, https:\/\/www.saintes-escrime.com\/wpces\/wp-content\/uploads\/2025\/08\/screenshot.1667978967-238x300.png 238w, https:\/\/www.saintes-escrime.com\/wpces\/wp-content\/uploads\/2025\/08\/screenshot.1667978967-812x1024.png 812w, https:\/\/www.saintes-escrime.com\/wpces\/wp-content\/uploads\/2025\/08\/screenshot.1667978967-1219x1536.png 1219w, https:\/\/www.saintes-escrime.com\/wpces\/wp-content\/uploads\/2025\/08\/screenshot.1667978967-1200x1512.png 1200w, https:\/\/www.saintes-escrime.com\/wpces\/wp-content\/uploads\/2025\/08\/screenshot.1667978967.png 1302w\" sizes=\"100vw\" \/>\t\t\t\t\t\t\t\t\t\t\t\t\t\t\t<\/div>\n\t\t\t\t<\/div>\n\t\t\t\t<\/div>\n\t\t<div id=\"e-n-tab-content-1364846122\" role=\"tabpanel\" aria-labelledby=\"e-n-tab-title-1364846122\" data-tab-index=\"2\" style=\"--n-tabs-title-order: 2;\" class=\" elementor-element elementor-element-d6b4654 e-con-full e-flex e-con e-child\" data-id=\"d6b4654\" data-element_type=\"container\">\n\t\t\t\t<div class=\"elementor-element elementor-element-641a323 elementor-widget elementor-widget-text-editor\" data-id=\"641a323\" data-element_type=\"widget\" data-widget_type=\"text-editor.default\">\n\t\t\t\t<div class=\"elementor-widget-container\">\n\t\t\t\t\t\t\t\t\t<h1>Document \u00e0 fournir pour finalisation de l&rsquo;inscription<\/h1>\t\t\t\t\t\t\t\t<\/div>\n\t\t\t\t<\/div>\n\t\t\t\t<div class=\"elementor-element elementor-element-66f512d elementor-widget elementor-widget-text-editor\" data-id=\"66f512d\" data-element_type=\"widget\" data-widget_type=\"text-editor.default\">\n\t\t\t\t<div class=\"elementor-widget-container\">\n\t\t\t\t\t\t\t\t\t<h3>3 documents sont \u00e0 remettre pour chaque inscription<\/h3><ul><li>La <strong>charte 2025\/2026<\/strong> du Club d&rsquo;Escrime de Saintes<\/li><li>L&rsquo;<strong>autorisation de soins en urgence<\/strong><\/li><li>L&rsquo;<strong>attestation<\/strong> ou le <strong>certificat m\u00e9dical<\/strong><\/li><\/ul><h3>(par mail <a href=\"mailto:saintes.escrime@gmail.com\">saintes.escrime@gmail.com<\/a> ou\u00a0 papier au Cercle)<\/h3><p>Il n\u2019est officiellement plus n\u00e9cessaire de pr\u00e9senter un certificat m\u00e9dical de non contre-indication \u00e0<strong> la pratique sportive pour les mineurs<\/strong>, avant de s\u2019inscrire dans un club ou de participer \u00e0 une comp\u00e9tition.<\/p><p>La F\u00e9d\u00e9ration Fran\u00e7aise d\u2019Escrime d\u00e9taille la proc\u00e9dure exacte <strong><a href=\"https:\/\/www.ffescrime.fr\/je-suis-en-club\/dirigeants\/certificats-medicaux-et-surclassements\/\" target=\"_blank\" rel=\"noopener\">sur la page d\u00e9di\u00e9e de son site internet<\/a><\/strong>. Le site de la FFE reste la r\u00e9f\u00e9rence pour toute proc\u00e9dure et tout document m\u00e9dical.<\/p>\t\t\t\t\t\t\t\t<\/div>\n\t\t\t\t<\/div>\n\t\t\t\t<div class=\"elementor-element elementor-element-22fa17c elementor-widget elementor-widget-text-editor\" data-id=\"22fa17c\" data-element_type=\"widget\" data-widget_type=\"text-editor.default\">\n\t\t\t\t<div class=\"elementor-widget-container\">\n\t\t\t\t\t\t\t\t\t<h3>Pour tous les tireurs :<\/h3><ul><li style=\"list-style-type: none;\"><ul><li>La <strong>charte 2025\/2026<\/strong> du Club d&rsquo;Escrime de Saintes<\/li><\/ul><\/li><li style=\"list-style-type: none; text-align: center;\"><strong><a href=\"https:\/\/www.saintes-escrime.com\/wpces\/wp-content\/uploads\/2025\/08\/Charte-de-lEscrimeur-Saintais.pdf\">Charte de l&rsquo;Escrimeur Saintais<\/a>\u00a0<\/strong><ul><li style=\"text-align: left;\">L&rsquo;<strong>autorisation de soins en urgence<\/strong><\/li><\/ul><\/li><\/ul><p style=\"text-align: center;\"><strong><a href=\"https:\/\/www.saintes-escrime.com\/wpces\/wp-content\/uploads\/2025\/08\/Autorisation-Soins-dUrgences.pdf\">Autorisation Soins d&rsquo;Urgences<\/a><\/strong><\/p><h3><strong>Pour les mineurs :<\/strong><\/h3><p style=\"padding-left: 80px;\"><em>(-18 ans au moment de l&rsquo;inscription)<\/em><\/p><p style=\"padding-left: 40px;\">Questionnaire relatif \u00e0 l\u2019\u00e9tat de sant\u00e9 du sportif mineur\u00a0 <a href=\"https:\/\/www.saintes-escrime.com\/wpces\/wp-content\/uploads\/2025\/08\/Questionnaire-Sante-sportif-mineur.pdf\"><strong>Questionnaire Sant\u00e9 sportif mineur<\/strong><\/a><\/p><ul><li>Si vous avez r\u00e9pondu <strong>NON \u00e0 toutes les questions<\/strong> : remplir l\u2019Attestation et la remettre au Club (le questionnaire n&rsquo;est pas \u00e0 remettre)<strong> <a href=\"https:\/\/www.saintes-escrime.com\/wpces\/wp-content\/uploads\/2025\/08\/Attestation-Sante-sportif-mineur.pdf\">Attestation Sant\u00e9 sportif mineur<\/a><\/strong><\/li><li>Si vous avez r\u00e9pondu <strong>OUI \u00e0 au moins une des questions<\/strong> : consulter un m\u00e9decin pour examen et remise le cas \u00e9ch\u00e9ant d&rsquo;un certificat m\u00e9dical de non contre-indication \u00e0 la pratique de l\u2019Escrime \u00a0<strong><a href=\"https:\/\/www.saintes-escrime.com\/wpces\/wp-content\/uploads\/2025\/08\/Certificat-Medical-Type.pdf\">Certificat M\u00e9dical Type<\/a><\/strong><\/li><\/ul><h3><strong>Pour les seniors :<\/strong><\/h3><p style=\"padding-left: 80px;\"><em>(de 18 ans \u00e0 39 ans)<\/em><\/p><ul><li>Inscription initiale : <strong>Certificat m\u00e9dical<\/strong> d\u2019absence de contre-indication\u00a0 <a href=\"https:\/\/www.saintes-escrime.com\/wpces\/wp-content\/uploads\/2025\/08\/Certificat-Medical-Type.pdf\"><strong>Certificat M\u00e9dical Type<\/strong><\/a><\/li><li>Renouvellement :<ul><li style=\"list-style-type: none;\"><ul><li>Questionnaire de Sant\u00e9 SPORT CERFA 15699 (le questionnaire n&rsquo;est pas \u00e0 remettre) <a href=\"https:\/\/www.saintes-escrime.com\/wpces\/wp-content\/uploads\/2025\/08\/Questionnaire-Sante-Sport-CERFA-15699.pdf\"><strong>Questionnaire Sant\u00e9-Sport CERFA 15699<\/strong><\/a><\/li><li><strong>Attestation<\/strong> questionnaire de Sant\u00e9 SPORT CERFA 15699 <strong><a href=\"https:\/\/www.saintes-escrime.com\/wpces\/wp-content\/uploads\/2025\/08\/Attestation-Sante-Sport-CERFA-15699.pdf\">Attestation Sant\u00e9-Sport CERFA 15699<\/a>\u00a0<\/strong><\/li><\/ul><\/li><\/ul><\/li><\/ul><h3><strong>Pour les v\u00e9t\u00e9rans :<\/strong><\/h3><p style=\"padding-left: 80px;\"><em>(de 40 ans \u00e0 64 ans)<\/em><\/p><ul><li><strong>Certificat m\u00e9dical V\u00e9t\u00e9ran<\/strong> d\u2019absence de contre-indication <strong>renouvelable tous les 3 ans\u00a0 <a href=\"https:\/\/www.saintes-escrime.com\/wpces\/wp-content\/uploads\/2025\/08\/Certificat-Medical-Veterans.pdf\">Certificat M\u00e9dical V\u00e9t\u00e9rans<\/a><\/strong><\/li><li>Renouvellement :<ul><li style=\"list-style-type: none;\"><ul><li>Questionnaire de Sant\u00e9 SPORT CERFA 15699 (le questionnaire n&rsquo;est pas \u00e0 remettre) <a href=\"https:\/\/www.saintes-escrime.com\/wpces\/wp-content\/uploads\/2025\/08\/Questionnaire-Sante-Sport-CERFA-15699.pdf\"><strong>Questionnaire Sant\u00e9-Sport CERFA 15699<\/strong><\/a><\/li><li><strong>Attestation<\/strong> questionnaire de Sant\u00e9 SPORT CERFA 15699 <strong><a href=\"https:\/\/www.saintes-escrime.com\/wpces\/wp-content\/uploads\/2025\/08\/Attestation-Sante-Sport-CERFA-15699.pdf\">Attestation Sant\u00e9-Sport CERFA 15699<\/a>\u00a0<\/strong><\/li><\/ul><\/li><\/ul><\/li><\/ul><div><p style=\"padding-left: 80px;\"><em>(plus de 65 ans)<\/em><\/p><ul><li><strong>Certificat m\u00e9dical V\u00e9t\u00e9ran<\/strong> d\u2019absence de contre-indication <strong>renouvelable tous les ans <a href=\"https:\/\/www.saintes-escrime.com\/wpces\/wp-content\/uploads\/2025\/08\/Certificat-Medical-Veterans.pdf\">Certificat M\u00e9dical V\u00e9t\u00e9rans<\/a><\/strong><\/li><\/ul><\/div>\t\t\t\t\t\t\t\t<\/div>\n\t\t\t\t<\/div>\n\t\t\t\t<div class=\"elementor-element elementor-element-6d01c2b elementor-widget elementor-widget-text-editor\" data-id=\"6d01c2b\" data-element_type=\"widget\" data-widget_type=\"text-editor.default\">\n\t\t\t\t<div class=\"elementor-widget-container\">\n\t\t\t\t\t\t\t\t\t<p>\u00a0<\/p><p>Pour toute information compl\u00e9mentaire, le r\u00e8glement de m\u00e9dical de la F\u00e9d\u00e9ration Fran\u00e7aise d&rsquo;Escrime reste la r\u00e9f\u00e9rence :<\/p><p><a href=\"https:\/\/www.saintes-escrime.com\/wpces\/wp-content\/uploads\/2025\/08\/Reglement-medical-2024-2025-Approuve-par-CD-15-avril-24.pdf\"><strong>Reglement-medical-2024-2025-Approuve-par-CD-15-avril-24<\/strong><\/a><\/p>\t\t\t\t\t\t\t\t<\/div>\n\t\t\t\t<\/div>\n\t\t\t\t<\/div>\n\t\t<div id=\"e-n-tab-content-1364846123\" role=\"tabpanel\" aria-labelledby=\"e-n-tab-title-1364846123\" data-tab-index=\"3\" style=\"--n-tabs-title-order: 3;\" class=\" elementor-element elementor-element-fc6d911 e-con-full e-flex e-con e-child\" data-id=\"fc6d911\" data-element_type=\"container\">\n\t\t\t\t<div class=\"elementor-element elementor-element-4b4f047 elementor-widget elementor-widget-text-editor\" data-id=\"4b4f047\" data-element_type=\"widget\" data-widget_type=\"text-editor.default\">\n\t\t\t\t<div class=\"elementor-widget-container\">\n\t\t\t\t\t\t\t\t\t<h2>D\u00e9tail des inscriptions<\/h2><h3>\u00c9veil Escrime<\/h3>\t\t\t\t\t\t\t\t<\/div>\n\t\t\t\t<\/div>\n\t\t<div class=\"elementor-element elementor-element-c7e792b e-grid e-con-full e-con e-child\" data-id=\"c7e792b\" data-element_type=\"container\">\n\t\t\t\t<div class=\"elementor-element elementor-element-f371eba elementor-widget elementor-widget-text-editor\" data-id=\"f371eba\" data-element_type=\"widget\" data-widget_type=\"text-editor.default\">\n\t\t\t\t<div class=\"elementor-widget-container\">\n\t\t\t\t\t\t\t\t\t<p><strong>Mousquetaire<\/strong> (ann\u00e9es de naissance 2019-2020)<\/p><p>(M5 &#8211; M7)<\/p>\t\t\t\t\t\t\t\t<\/div>\n\t\t\t\t<\/div>\n\t\t\t\t<div class=\"elementor-element elementor-element-9fa9fe9 elementor-widget elementor-widget-text-editor\" data-id=\"9fa9fe9\" data-element_type=\"widget\" data-widget_type=\"text-editor.default\">\n\t\t\t\t<div class=\"elementor-widget-container\">\n\t\t\t\t\t\t\t\t\t<ul><li>Cotisation club : 150 \u20ac<\/li><li>Mat\u00e9riel fourni par le club<\/li><\/ul>\t\t\t\t\t\t\t\t<\/div>\n\t\t\t\t<\/div>\n\t\t\t\t<\/div>\n\t\t\t\t<div class=\"elementor-element elementor-element-a387190 elementor-widget elementor-widget-text-editor\" data-id=\"a387190\" data-element_type=\"widget\" data-widget_type=\"text-editor.default\">\n\t\t\t\t<div class=\"elementor-widget-container\">\n\t\t\t\t\t\t\t\t\t<h3>Escrime Sportive<\/h3>\t\t\t\t\t\t\t\t<\/div>\n\t\t\t\t<\/div>\n\t\t<div class=\"elementor-element elementor-element-95b819c e-grid e-con-full e-con e-child\" data-id=\"95b819c\" data-element_type=\"container\">\n\t\t\t\t<div class=\"elementor-element elementor-element-c85f2a3 elementor-widget elementor-widget-text-editor\" data-id=\"c85f2a3\" data-element_type=\"widget\" data-widget_type=\"text-editor.default\">\n\t\t\t\t<div class=\"elementor-widget-container\">\n\t\t\t\t\t\t\t\t\t<p><strong>Tireur<\/strong> (avec pr\u00eat de mat\u00e9riel)<\/p><p>(M9 &#8211; M11 &#8211; M13 &#8211; M17 &#8211; M20 &#8211; Senior &#8211; V\u00e9t\u00e9ran)<\/p><p>\u00a0<\/p><p><em>Le tireur s&rsquo;engage \u00e0 venir avec son gant personnel, celui-ci n&rsquo;est pas compris dans le pr\u00eat du mat\u00e9riel.<\/em><\/p>\t\t\t\t\t\t\t\t<\/div>\n\t\t\t\t<\/div>\n\t\t\t\t<div class=\"elementor-element elementor-element-d3b7b6a elementor-widget elementor-widget-text-editor\" data-id=\"d3b7b6a\" data-element_type=\"widget\" data-widget_type=\"text-editor.default\">\n\t\t\t\t<div class=\"elementor-widget-container\">\n\t\t\t\t\t\t\t\t\t<ul><li>Cotisation club : 200 \u20ac<\/li><li>Forfait pr\u00eat de mat\u00e9riel : 30 \u20ac<\/li><li>(un ch\u00e8que de caution de <strong>250\u20ac non-encaiss\u00e9<\/strong> sera demand\u00e9)<\/li><li>Cotisation FFE : 70 \u20ac<\/li><\/ul>\t\t\t\t\t\t\t\t<\/div>\n\t\t\t\t<\/div>\n\t\t\t\t<\/div>\n\t\t<div class=\"elementor-element elementor-element-0199168 e-grid e-con-full e-con e-child\" data-id=\"0199168\" data-element_type=\"container\">\n\t\t\t\t<div class=\"elementor-element elementor-element-e6f8d8b elementor-widget elementor-widget-text-editor\" data-id=\"e6f8d8b\" data-element_type=\"widget\" data-widget_type=\"text-editor.default\">\n\t\t\t\t<div class=\"elementor-widget-container\">\n\t\t\t\t\t\t\t\t\t<p><strong>Tireur<\/strong> (avec pr\u00eat partiel de mat\u00e9riel)<\/p><p>(M9 &#8211; M11 &#8211; M13 &#8211; M17 &#8211; M20 &#8211; Senior &#8211; V\u00e9t\u00e9ran)<\/p><p><em>Le tireur s&rsquo;engage \u00e0 venir avec : <\/em><\/p><ul><li><em>soit son habillement complet (cuirasse, sous-cuirasse, pantalon et gant)<\/em><\/li><li>soit son armement complet (masque, \u00e9p\u00e9e et gant)<\/li><\/ul>\t\t\t\t\t\t\t\t<\/div>\n\t\t\t\t<\/div>\n\t\t\t\t<div class=\"elementor-element elementor-element-937fd74 elementor-widget elementor-widget-text-editor\" data-id=\"937fd74\" data-element_type=\"widget\" data-widget_type=\"text-editor.default\">\n\t\t\t\t<div class=\"elementor-widget-container\">\n\t\t\t\t\t\t\t\t\t<ul><li>Cotisation club : 200 \u20ac<\/li><li>Forfait pr\u00eat partiel de mat\u00e9riel : 15 \u20ac<\/li><li>(un ch\u00e8que de caution de <strong>250\u20ac non-encaiss\u00e9<\/strong> sera demand\u00e9)<\/li><li>Cotisation FFE : 70 \u20ac<\/li><\/ul>\t\t\t\t\t\t\t\t<\/div>\n\t\t\t\t<\/div>\n\t\t\t\t<\/div>\n\t\t<div class=\"elementor-element elementor-element-8e75f99 e-grid e-con-full e-con e-child\" data-id=\"8e75f99\" data-element_type=\"container\">\n\t\t\t\t<div class=\"elementor-element elementor-element-8cdc4b1 elementor-widget elementor-widget-text-editor\" data-id=\"8cdc4b1\" data-element_type=\"widget\" data-widget_type=\"text-editor.default\">\n\t\t\t\t<div class=\"elementor-widget-container\">\n\t\t\t\t\t\t\t\t\t<p><strong>Tireur<\/strong> (sans pr\u00eat de mat\u00e9riel)<\/p><p>(M9 &#8211; M11 &#8211; M13 &#8211; M17 &#8211; M20 &#8211; Senior &#8211; V\u00e9t\u00e9ran)<\/p><p><em>Le tireur s&rsquo;engage \u00e0 venir avec son mat\u00e9riel complet (masque, cuirasse, sous-cuirasse, pantalon, gant et arme).<\/em><\/p>\t\t\t\t\t\t\t\t<\/div>\n\t\t\t\t<\/div>\n\t\t\t\t<div class=\"elementor-element elementor-element-3866258 elementor-widget elementor-widget-text-editor\" data-id=\"3866258\" data-element_type=\"widget\" data-widget_type=\"text-editor.default\">\n\t\t\t\t<div class=\"elementor-widget-container\">\n\t\t\t\t\t\t\t\t\t<ul><li>Cotisation club : 200 \u20ac<\/li><li>Cotisation FFE : 70 \u20ac<\/li><\/ul>\t\t\t\t\t\t\t\t<\/div>\n\t\t\t\t<\/div>\n\t\t\t\t<\/div>\n\t\t\t\t<\/div>\n\t\t\t\t\t<\/div>\n\t\t<\/div>\n\t\t\t\t\t\t<\/div>\n\t\t\t\t<\/div>\n\t\t\t\t\t<\/div>\n\t\t\t\t<\/div>\n\t\t<div class=\"elementor-element elementor-element-0df6365 e-flex e-con-boxed e-con e-parent\" data-id=\"0df6365\" data-element_type=\"container\">\n\t\t\t\t\t<div class=\"e-con-inner\">\n\t\t\t\t<div class=\"elementor-element elementor-element-72dc9ef elementor-widget-divider--view-line elementor-widget elementor-widget-divider\" data-id=\"72dc9ef\" data-element_type=\"widget\" data-widget_type=\"divider.default\">\n\t\t\t\t<div class=\"elementor-widget-container\">\n\t\t\t\t\t\t\t<div class=\"elementor-divider\">\n\t\t\t<span class=\"elementor-divider-separator\">\n\t\t\t\t\t\t<\/span>\n\t\t<\/div>\n\t\t\t\t\t\t<\/div>\n\t\t\t\t<\/div>\n\t\t\t\t\t<\/div>\n\t\t\t\t<\/div>\n\t\t<div class=\"elementor-element elementor-element-8b7effd e-flex e-con-boxed e-con e-parent\" data-id=\"8b7effd\" data-element_type=\"container\">\n\t\t\t\t\t<div class=\"e-con-inner\">\n\t\t<div class=\"elementor-element elementor-element-52ce92a e-con-full e-flex e-con e-child\" data-id=\"52ce92a\" data-element_type=\"container\">\n\t\t\t\t<div class=\"elementor-element elementor-element-a05123f elementor-widget elementor-widget-text-editor\" data-id=\"a05123f\" data-element_type=\"widget\" data-widget_type=\"text-editor.default\">\n\t\t\t\t<div class=\"elementor-widget-container\">\n\t\t\t\t\t\t\t\t\t<p>&#8230; une question, une demande d&rsquo;information ?\u00a0\u00a0<\/p>\t\t\t\t\t\t\t\t<\/div>\n\t\t\t\t<\/div>\n\t\t\t\t<\/div>\n\t\t<div class=\"elementor-element elementor-element-fb04f7f e-con-full e-flex e-con e-child\" data-id=\"fb04f7f\" data-element_type=\"container\">\n\t\t\t\t<div class=\"elementor-element elementor-element-56a9a1a elementor-align-center elementor-widget elementor-widget-button\" data-id=\"56a9a1a\" data-element_type=\"widget\" data-widget_type=\"button.default\">\n\t\t\t\t<div class=\"elementor-widget-container\">\n\t\t\t\t\t\t\t\t\t<div class=\"elementor-button-wrapper\">\n\t\t\t\t\t<a class=\"elementor-button elementor-button-link elementor-size-sm\" href=\"\/wpces\/contact\/\">\n\t\t\t\t\t\t<span class=\"elementor-button-content-wrapper\">\n\t\t\t\t\t\t\t\t\t<span class=\"elementor-button-text\">Contact<\/span>\n\t\t\t\t\t<\/span>\n\t\t\t\t\t<\/a>\n\t\t\t\t<\/div>\n\t\t\t\t\t\t\t\t<\/div>\n\t\t\t\t<\/div>\n\t\t\t\t<\/div>\n\t\t\t\t\t<\/div>\n\t\t\t\t<\/div>\n\t\t<div class=\"elementor-element elementor-element-c0715a0 e-flex e-con-boxed e-con e-parent\" data-id=\"c0715a0\" data-element_type=\"container\">\n\t\t\t\t\t<div class=\"e-con-inner\">\n\t\t\t\t<div class=\"elementor-element elementor-element-42c3b2b elementor-widget elementor-widget-image\" data-id=\"42c3b2b\" data-element_type=\"widget\" data-widget_type=\"image.default\">\n\t\t\t\t<div class=\"elementor-widget-container\">\n\t\t\t\t\t\t\t\t\t\t\t\t\t\t\t<img decoding=\"async\" width=\"300\" height=\"109\" src=\"https:\/\/www.saintes-escrime.com\/wpces\/wp-content\/uploads\/2025\/03\/LOGO-SAINTES-2025-2-300x109.png\" class=\"attachment-medium size-medium wp-image-6707\" alt=\"\" srcset=\"https:\/\/www.saintes-escrime.com\/wpces\/wp-content\/uploads\/2025\/03\/LOGO-SAINTES-2025-2-300x109.png 300w, https:\/\/www.saintes-escrime.com\/wpces\/wp-content\/uploads\/2025\/03\/LOGO-SAINTES-2025-2-1024x371.png 1024w, https:\/\/www.saintes-escrime.com\/wpces\/wp-content\/uploads\/2025\/03\/LOGO-SAINTES-2025-2-600x217.png 600w, https:\/\/www.saintes-escrime.com\/wpces\/wp-content\/uploads\/2025\/03\/LOGO-SAINTES-2025-2-1200x435.png 1200w, https:\/\/www.saintes-escrime.com\/wpces\/wp-content\/uploads\/2025\/03\/LOGO-SAINTES-2025-2.png 1331w\" sizes=\"100vw\" \/>\t\t\t\t\t\t\t\t\t\t\t\t\t\t\t<\/div>\n\t\t\t\t<\/div>\n\t\t\t\t\t<\/div>\n\t\t\t\t<\/div>\n\t\t<div class=\"elementor-element elementor-element-0a78765 e-flex e-con-boxed e-con e-parent\" data-id=\"0a78765\" data-element_type=\"container\">\n\t\t\t\t\t<div class=\"e-con-inner\">\n\t\t\t\t<div class=\"elementor-element elementor-element-8a36ffb elementor-widget-divider--view-line elementor-widget elementor-widget-divider\" data-id=\"8a36ffb\" data-element_type=\"widget\" data-widget_type=\"divider.default\">\n\t\t\t\t<div class=\"elementor-widget-container\">\n\t\t\t\t\t\t\t<div class=\"elementor-divider\">\n\t\t\t<span class=\"elementor-divider-separator\">\n\t\t\t\t\t\t<\/span>\n\t\t<\/div>\n\t\t\t\t\t\t<\/div>\n\t\t\t\t<\/div>\n\t\t\t\t\t<\/div>\n\t\t\t\t<\/div>\n\t\t\t\t<\/div>\n\t\t","protected":false},"excerpt":{"rendered":"<p>SAISON 2025 \/ 2026\u00a0 D\u00e9but des cours le 10 Septembre 2025 Cat\u00e9gories Documents \u00e0 fournir Tarifs Document \u00e0 fournir pour finalisation de l&rsquo;inscription 3 documents sont \u00e0 remettre pour chaque inscription La charte 2025\/2026 du Club d&rsquo;Escrime de Saintes L&rsquo;autorisation de soins en urgence L&rsquo;attestation ou le certificat m\u00e9dical (par mail saintes.escrime@gmail.com ou\u00a0 papier au &hellip; <\/p>\n<p class=\"link-more\"><a href=\"https:\/\/www.saintes-escrime.com\/wpces\/inscriptions\/\" class=\"more-link\">Lire la suite de<span class=\"screen-reader-text\">\u00ab\u00a0Inscriptions\u00a0\u00bb<\/span><\/a><\/p>\n","protected":false},"author":1,"featured_media":0,"parent":0,"menu_order":0,"comment_status":"closed","ping_status":"closed","template":"","meta":{"footnotes":""},"class_list":["post-6993","page","type-page","status-publish","hentry"],"featured_media_urls":[],"_links":{"self":[{"href":"https:\/\/www.saintes-escrime.com\/wpces\/wp-json\/wp\/v2\/pages\/6993","targetHints":{"allow":["GET"]}}],"collection":[{"href":"https:\/\/www.saintes-escrime.com\/wpces\/wp-json\/wp\/v2\/pages"}],"about":[{"href":"https:\/\/www.saintes-escrime.com\/wpces\/wp-json\/wp\/v2\/types\/page"}],"author":[{"embeddable":true,"href":"https:\/\/www.saintes-escrime.com\/wpces\/wp-json\/wp\/v2\/users\/1"}],"replies":[{"embeddable":true,"href":"https:\/\/www.saintes-escrime.com\/wpces\/wp-json\/wp\/v2\/comments?post=6993"}],"version-history":[{"count":86,"href":"https:\/\/www.saintes-escrime.com\/wpces\/wp-json\/wp\/v2\/pages\/6993\/revisions"}],"predecessor-version":[{"id":7323,"href":"https:\/\/www.saintes-escrime.com\/wpces\/wp-json\/wp\/v2\/pages\/6993\/revisions\/7323"}],"wp:attachment":[{"href":"https:\/\/www.saintes-escrime.com\/wpces\/wp-json\/wp\/v2\/media?parent=6993"}],"curies":[{"name":"wp","href":"https:\/\/api.w.org\/{rel}","templated":true}]}}