{"id":6751,"date":"2025-05-22T21:49:04","date_gmt":"2025-05-22T19:49:04","guid":{"rendered":"https:\/\/www.saintes-escrime.com\/wpces\/?page_id=6751"},"modified":"2025-07-08T11:31:47","modified_gmt":"2025-07-08T09:31:47","slug":"escrime","status":"publish","type":"page","link":"https:\/\/www.saintes-escrime.com\/wpces\/escrime\/","title":{"rendered":"Escrime"},"content":{"rendered":"\t\t<div data-elementor-type=\"wp-page\" data-elementor-id=\"6751\" class=\"elementor elementor-6751\">\n\t\t\t\t<div class=\"elementor-element elementor-element-567f77d e-flex e-con-boxed e-con e-parent\" data-id=\"567f77d\" data-element_type=\"container\">\n\t\t\t\t\t<div class=\"e-con-inner\">\n\t\t\t\t<div class=\"elementor-element elementor-element-c23a5f4 elementor-widget elementor-widget-heading\" data-id=\"c23a5f4\" data-element_type=\"widget\" data-widget_type=\"heading.default\">\n\t\t\t\t<div class=\"elementor-widget-container\">\n\t\t\t\t\t<h2 class=\"elementor-heading-title elementor-size-default\">Un sport pour tous<\/h2>\t\t\t\t<\/div>\n\t\t\t\t<\/div>\n\t\t\t\t\t<\/div>\n\t\t\t\t<\/div>\n\t\t<div class=\"elementor-element elementor-element-1bdabd6 e-flex e-con-boxed e-con e-parent\" data-id=\"1bdabd6\" data-element_type=\"container\">\n\t\t\t\t\t<div class=\"e-con-inner\">\n\t\t<div class=\"elementor-element elementor-element-27d66db e-con-full e-flex e-con e-child\" data-id=\"27d66db\" data-element_type=\"container\">\n\t\t\t\t<div class=\"elementor-element elementor-element-77f3763 elementor-widget-divider--view-line elementor-widget elementor-widget-divider\" data-id=\"77f3763\" data-element_type=\"widget\" data-widget_type=\"divider.default\">\n\t\t\t\t<div class=\"elementor-widget-container\">\n\t\t\t\t\t\t\t<div class=\"elementor-divider\">\n\t\t\t<span class=\"elementor-divider-separator\">\n\t\t\t\t\t\t<\/span>\n\t\t<\/div>\n\t\t\t\t\t\t<\/div>\n\t\t\t\t<\/div>\n\t\t\t\t<div class=\"elementor-element elementor-element-f3c76a5 elementor-widget elementor-widget-text-editor\" data-id=\"f3c76a5\" data-element_type=\"widget\" data-widget_type=\"text-editor.default\">\n\t\t\t\t<div class=\"elementor-widget-container\">\n\t\t\t\t\t\t\t\t\t<p><strong>L\u2019Escrime en \u00ab\u00a0\u00e9veil escrime\u00a0\u00bb<\/strong> (Mousquetaire) accessible d\u00e8s l\u2019\u00e2ge de<strong> trois ans<\/strong> jusqu\u2019\u00e0 \u00ab\u00a0escrime v\u00e9t\u00e9rans\u00a0\u00bb.<\/p><p>L\u2019escrime est pratiqu\u00e9e dans tous les milieux : scolaire, universitaire, civil, militaire &#8230;<\/p><p><strong>L\u2019escrime artistique<\/strong> est tr\u00e8s pris\u00e9e dans les op\u00e9rations \u00e9v\u00e8nementielles, cr\u00e9ation de produit&#8230; Elle est pratiqu\u00e9e en costume avec dague ou rapi\u00e8re, et connait un essor important.<\/p><p><strong>L\u2019escrime s\u00e9nior<\/strong> s\u2019adresse \u00e0 deux types de public : Les jeunes retrait\u00e9s et les r\u00e9sidants en maison de retraite. L\u2019objectif principal de cette pratique est de conserver la sant\u00e9 mais aussi de bien vivre et vieillir.<\/p><p><strong>L\u2019Escrime handisport<\/strong> : \u00eatre en fauteuil roulant n\u2019emp\u00eache pas de pratiquer l\u2019escrime. les r\u00e8gles sont toutefois adapt\u00e9es, notamment concernant la prise \u00e0 distance et la position de mise en garde ainsi que la surface valable \u00e0 l\u2019\u00e9p\u00e9e.<\/p><p><strong>L\u2019escrime et la sant\u00e9<\/strong> : L\u2019escrime, dans ses diff\u00e9rentes disciplines, mobilise de nombreuses fonctions de l\u2019organisme, parmi lesquelles la coordination, la pr\u00e9cision, la vitesse, l\u2019\u00e9quilibre, la souplesse, la concentration, l\u2019oculomotricit\u00e9, la m\u00e9moire. Elle fait appel \u00e0 la cr\u00e9ativit\u00e9 (tactique).<\/p><p><strong>L\u2019escrime fitness<\/strong> : Cette pratique s\u2019adresse surtout aux personnes qui souhaitent entretenir leur corps, garder la ligne ou tout simplement qui souhaitent rester en bonne sant\u00e9. L\u2019objectif de la s\u00e9ance est de bouger son corps, ceci peut se faire en musique par le biais de chor\u00e9graphie. Il n \u2019y a pas de contrainte de mat\u00e9riel, les mouvements d\u2019escrime pouvant s\u2019effectuer sans arme.<\/p><p><strong>La pratique du sabre laser<\/strong> : Livrer un combat avec un sabre laser ? Un r\u00eave de gamin pour beaucoup de passionn\u00e9s de sciences-fictions. Un r\u00eave devenu maintenant possible.<\/p>\t\t\t\t\t\t\t\t<\/div>\n\t\t\t\t<\/div>\n\t\t\t\t<\/div>\n\t\t<div class=\"elementor-element elementor-element-a6d98d4 e-con-full e-flex e-con e-child\" data-id=\"a6d98d4\" data-element_type=\"container\">\n\t\t\t\t<div class=\"elementor-element elementor-element-7cb65dc elementor-widget elementor-widget-image\" data-id=\"7cb65dc\" data-element_type=\"widget\" data-widget_type=\"image.default\">\n\t\t\t\t<div class=\"elementor-widget-container\">\n\t\t\t\t\t\t\t\t\t\t\t\t\t\t\t<img fetchpriority=\"high\" decoding=\"async\" width=\"240\" height=\"300\" src=\"https:\/\/www.saintes-escrime.com\/wpces\/wp-content\/uploads\/2025\/07\/pexels-cottonbro-10340263-240x300.jpg\" class=\"attachment-medium size-medium wp-image-7089\" alt=\"\" srcset=\"https:\/\/www.saintes-escrime.com\/wpces\/wp-content\/uploads\/2025\/07\/pexels-cottonbro-10340263-240x300.jpg 240w, https:\/\/www.saintes-escrime.com\/wpces\/wp-content\/uploads\/2025\/07\/pexels-cottonbro-10340263-819x1024.jpg 819w, https:\/\/www.saintes-escrime.com\/wpces\/wp-content\/uploads\/2025\/07\/pexels-cottonbro-10340263-2000x2500.jpg 2000w, https:\/\/www.saintes-escrime.com\/wpces\/wp-content\/uploads\/2025\/07\/pexels-cottonbro-10340263-scaled-1229x1536.jpg 1229w, https:\/\/www.saintes-escrime.com\/wpces\/wp-content\/uploads\/2025\/07\/pexels-cottonbro-10340263-scaled-1638x2048.jpg 1638w, https:\/\/www.saintes-escrime.com\/wpces\/wp-content\/uploads\/2025\/07\/pexels-cottonbro-10340263-scaled-600x750.jpg 600w, https:\/\/www.saintes-escrime.com\/wpces\/wp-content\/uploads\/2025\/07\/pexels-cottonbro-10340263-scaled-1200x1500.jpg 1200w, https:\/\/www.saintes-escrime.com\/wpces\/wp-content\/uploads\/2025\/07\/pexels-cottonbro-10340263-scaled.jpg 2048w\" sizes=\"100vw\" \/>\t\t\t\t\t\t\t\t\t\t\t\t\t\t\t<\/div>\n\t\t\t\t<\/div>\n\t\t\t\t<div class=\"elementor-element elementor-element-1c96e24 elementor-widget elementor-widget-image\" data-id=\"1c96e24\" data-element_type=\"widget\" data-widget_type=\"image.default\">\n\t\t\t\t<div class=\"elementor-widget-container\">\n\t\t\t\t\t\t\t\t\t\t\t\t\t\t\t<img decoding=\"async\" width=\"300\" height=\"200\" src=\"https:\/\/www.saintes-escrime.com\/wpces\/wp-content\/uploads\/2025\/07\/pexels-nadiia-doloh-202387951-11597545-300x200.jpg\" class=\"attachment-medium size-medium wp-image-7088\" alt=\"\" srcset=\"https:\/\/www.saintes-escrime.com\/wpces\/wp-content\/uploads\/2025\/07\/pexels-nadiia-doloh-202387951-11597545-300x200.jpg 300w, https:\/\/www.saintes-escrime.com\/wpces\/wp-content\/uploads\/2025\/07\/pexels-nadiia-doloh-202387951-11597545-1024x683.jpg 1024w, https:\/\/www.saintes-escrime.com\/wpces\/wp-content\/uploads\/2025\/07\/pexels-nadiia-doloh-202387951-11597545-2000x1333.jpg 2000w, https:\/\/www.saintes-escrime.com\/wpces\/wp-content\/uploads\/2025\/07\/pexels-nadiia-doloh-202387951-11597545-scaled-1536x1024.jpg 1536w, https:\/\/www.saintes-escrime.com\/wpces\/wp-content\/uploads\/2025\/07\/pexels-nadiia-doloh-202387951-11597545-scaled-2048x1366.jpg 2048w, https:\/\/www.saintes-escrime.com\/wpces\/wp-content\/uploads\/2025\/07\/pexels-nadiia-doloh-202387951-11597545-scaled-600x400.jpg 600w, https:\/\/www.saintes-escrime.com\/wpces\/wp-content\/uploads\/2025\/07\/pexels-nadiia-doloh-202387951-11597545-scaled-1200x800.jpg 1200w\" sizes=\"100vw\" \/>\t\t\t\t\t\t\t\t\t\t\t\t\t\t\t<\/div>\n\t\t\t\t<\/div>\n\t\t\t\t<div class=\"elementor-element elementor-element-476bae9 elementor-widget elementor-widget-image\" data-id=\"476bae9\" data-element_type=\"widget\" data-widget_type=\"image.default\">\n\t\t\t\t<div class=\"elementor-widget-container\">\n\t\t\t\t\t\t\t\t\t\t\t\t\t\t\t<img decoding=\"async\" width=\"159\" height=\"300\" src=\"https:\/\/www.saintes-escrime.com\/wpces\/wp-content\/uploads\/2025\/04\/20240420-stage-M13-et-M15-fille-dax-nina-eloise-eloane-1--159x300.jpg\" class=\"attachment-medium size-medium wp-image-6930\" alt=\"\" srcset=\"https:\/\/www.saintes-escrime.com\/wpces\/wp-content\/uploads\/2025\/04\/20240420-stage-M13-et-M15-fille-dax-nina-eloise-eloane-1--159x300.jpg 159w, https:\/\/www.saintes-escrime.com\/wpces\/wp-content\/uploads\/2025\/04\/20240420-stage-M13-et-M15-fille-dax-nina-eloise-eloane-1-.jpg 314w\" sizes=\"100vw\" \/>\t\t\t\t\t\t\t\t\t\t\t\t\t\t\t<\/div>\n\t\t\t\t<\/div>\n\t\t\t\t<\/div>\n\t\t\t\t\t<\/div>\n\t\t\t\t<\/div>\n\t\t<div class=\"elementor-element elementor-element-8377bd8 e-flex e-con-boxed e-con e-parent\" data-id=\"8377bd8\" data-element_type=\"container\">\n\t\t\t\t\t<div class=\"e-con-inner\">\n\t\t\t\t<div class=\"elementor-element elementor-element-eaafdd5 elementor-widget elementor-widget-image\" data-id=\"eaafdd5\" data-element_type=\"widget\" data-widget_type=\"image.default\">\n\t\t\t\t<div class=\"elementor-widget-container\">\n\t\t\t\t\t\t\t\t\t\t\t\t\t\t\t<img loading=\"lazy\" decoding=\"async\" width=\"1200\" height=\"1800\" src=\"https:\/\/www.saintes-escrime.com\/wpces\/wp-content\/uploads\/2025\/07\/nathanael-desmeules-bIVcpmeEE_g-unsplash-scaled-1200x1800.jpg\" class=\"attachment-portfolio_item-masonry@2x size-portfolio_item-masonry@2x wp-image-7086\" alt=\"\" srcset=\"https:\/\/www.saintes-escrime.com\/wpces\/wp-content\/uploads\/2025\/07\/nathanael-desmeules-bIVcpmeEE_g-unsplash-scaled-1200x1800.jpg 1200w, https:\/\/www.saintes-escrime.com\/wpces\/wp-content\/uploads\/2025\/07\/nathanael-desmeules-bIVcpmeEE_g-unsplash-200x300.jpg 200w, https:\/\/www.saintes-escrime.com\/wpces\/wp-content\/uploads\/2025\/07\/nathanael-desmeules-bIVcpmeEE_g-unsplash-683x1024.jpg 683w, https:\/\/www.saintes-escrime.com\/wpces\/wp-content\/uploads\/2025\/07\/nathanael-desmeules-bIVcpmeEE_g-unsplash-2000x3000.jpg 2000w, https:\/\/www.saintes-escrime.com\/wpces\/wp-content\/uploads\/2025\/07\/nathanael-desmeules-bIVcpmeEE_g-unsplash-scaled-1024x1536.jpg 1024w, https:\/\/www.saintes-escrime.com\/wpces\/wp-content\/uploads\/2025\/07\/nathanael-desmeules-bIVcpmeEE_g-unsplash-scaled-1366x2048.jpg 1366w, https:\/\/www.saintes-escrime.com\/wpces\/wp-content\/uploads\/2025\/07\/nathanael-desmeules-bIVcpmeEE_g-unsplash-scaled-600x900.jpg 600w, https:\/\/www.saintes-escrime.com\/wpces\/wp-content\/uploads\/2025\/07\/nathanael-desmeules-bIVcpmeEE_g-unsplash-scaled.jpg 1707w\" sizes=\"100vw\" \/>\t\t\t\t\t\t\t\t\t\t\t\t\t\t\t<\/div>\n\t\t\t\t<\/div>\n\t\t\t\t<div class=\"elementor-element elementor-element-ab964c1 elementor-widget-divider--view-line elementor-widget elementor-widget-divider\" data-id=\"ab964c1\" data-element_type=\"widget\" data-widget_type=\"divider.default\">\n\t\t\t\t<div class=\"elementor-widget-container\">\n\t\t\t\t\t\t\t<div class=\"elementor-divider\">\n\t\t\t<span class=\"elementor-divider-separator\">\n\t\t\t\t\t\t<\/span>\n\t\t<\/div>\n\t\t\t\t\t\t<\/div>\n\t\t\t\t<\/div>\n\t\t\t\t\t<\/div>\n\t\t\t\t<\/div>\n\t\t<div class=\"elementor-element elementor-element-72ca5bf e-flex e-con-boxed e-con e-parent\" data-id=\"72ca5bf\" data-element_type=\"container\">\n\t\t\t\t\t<div class=\"e-con-inner\">\n\t\t\t\t<div class=\"elementor-element elementor-element-8694e79 elementor-widget elementor-widget-image\" data-id=\"8694e79\" data-element_type=\"widget\" data-widget_type=\"image.default\">\n\t\t\t\t<div class=\"elementor-widget-container\">\n\t\t\t\t\t\t\t\t\t\t\t\t\t\t\t<img loading=\"lazy\" decoding=\"async\" width=\"591\" height=\"844\" src=\"https:\/\/www.saintes-escrime.com\/wpces\/wp-content\/uploads\/2025\/05\/categories-ages.jpg\" class=\"attachment-large size-large wp-image-6756\" alt=\"\" srcset=\"https:\/\/www.saintes-escrime.com\/wpces\/wp-content\/uploads\/2025\/05\/categories-ages.jpg 591w, https:\/\/www.saintes-escrime.com\/wpces\/wp-content\/uploads\/2025\/05\/categories-ages-210x300.jpg 210w\" sizes=\"100vw\" \/>\t\t\t\t\t\t\t\t\t\t\t\t\t\t\t<\/div>\n\t\t\t\t<\/div>\n\t\t\t\t<div class=\"elementor-element elementor-element-88e776d elementor-widget elementor-widget-image\" data-id=\"88e776d\" data-element_type=\"widget\" data-widget_type=\"image.default\">\n\t\t\t\t<div class=\"elementor-widget-container\">\n\t\t\t\t\t\t\t\t\t\t\t\t\t\t\t<img loading=\"lazy\" decoding=\"async\" width=\"786\" height=\"338\" src=\"https:\/\/www.saintes-escrime.com\/wpces\/wp-content\/uploads\/2025\/05\/les-3-armes.jpg\" class=\"attachment-large size-large wp-image-6755\" alt=\"\" srcset=\"https:\/\/www.saintes-escrime.com\/wpces\/wp-content\/uploads\/2025\/05\/les-3-armes.jpg 786w, https:\/\/www.saintes-escrime.com\/wpces\/wp-content\/uploads\/2025\/05\/les-3-armes-300x129.jpg 300w, https:\/\/www.saintes-escrime.com\/wpces\/wp-content\/uploads\/2025\/05\/les-3-armes-600x258.jpg 600w\" sizes=\"100vw\" \/>\t\t\t\t\t\t\t\t\t\t\t\t\t\t\t<\/div>\n\t\t\t\t<\/div>\n\t\t\t\t<div class=\"elementor-element elementor-element-0909a56 elementor-widget elementor-widget-image\" data-id=\"0909a56\" data-element_type=\"widget\" data-widget_type=\"image.default\">\n\t\t\t\t<div class=\"elementor-widget-container\">\n\t\t\t\t\t\t\t\t\t\t\t\t\t\t\t<img loading=\"lazy\" decoding=\"async\" width=\"797\" height=\"591\" src=\"https:\/\/www.saintes-escrime.com\/wpces\/wp-content\/uploads\/2025\/05\/condition-assaut.jpg\" class=\"attachment-large size-large wp-image-6757\" alt=\"\" srcset=\"https:\/\/www.saintes-escrime.com\/wpces\/wp-content\/uploads\/2025\/05\/condition-assaut.jpg 797w, https:\/\/www.saintes-escrime.com\/wpces\/wp-content\/uploads\/2025\/05\/condition-assaut-300x222.jpg 300w, https:\/\/www.saintes-escrime.com\/wpces\/wp-content\/uploads\/2025\/05\/condition-assaut-600x445.jpg 600w\" sizes=\"100vw\" \/>\t\t\t\t\t\t\t\t\t\t\t\t\t\t\t<\/div>\n\t\t\t\t<\/div>\n\t\t\t\t<div class=\"elementor-element elementor-element-5f01431 elementor-widget-divider--view-line elementor-widget elementor-widget-divider\" data-id=\"5f01431\" data-element_type=\"widget\" data-widget_type=\"divider.default\">\n\t\t\t\t<div class=\"elementor-widget-container\">\n\t\t\t\t\t\t\t<div class=\"elementor-divider\">\n\t\t\t<span class=\"elementor-divider-separator\">\n\t\t\t\t\t\t<\/span>\n\t\t<\/div>\n\t\t\t\t\t\t<\/div>\n\t\t\t\t<\/div>\n\t\t\t\t\t<\/div>\n\t\t\t\t<\/div>\n\t\t\t\t<\/div>\n\t\t","protected":false},"excerpt":{"rendered":"<p>Un sport pour tous L\u2019Escrime en \u00ab\u00a0\u00e9veil escrime\u00a0\u00bb (Mousquetaire) accessible d\u00e8s l\u2019\u00e2ge de trois ans jusqu\u2019\u00e0 \u00ab\u00a0escrime v\u00e9t\u00e9rans\u00a0\u00bb. L\u2019escrime est pratiqu\u00e9e dans tous les milieux : scolaire, universitaire, civil, militaire &#8230; L\u2019escrime artistique est tr\u00e8s pris\u00e9e dans les op\u00e9rations \u00e9v\u00e8nementielles, cr\u00e9ation de produit&#8230; Elle est pratiqu\u00e9e en costume avec dague ou rapi\u00e8re, et connait un &hellip; <\/p>\n<p class=\"link-more\"><a href=\"https:\/\/www.saintes-escrime.com\/wpces\/escrime\/\" class=\"more-link\">Lire la suite de<span class=\"screen-reader-text\">\u00ab\u00a0Escrime\u00a0\u00bb<\/span><\/a><\/p>\n","protected":false},"author":1,"featured_media":0,"parent":0,"menu_order":0,"comment_status":"closed","ping_status":"closed","template":"","meta":{"footnotes":""},"class_list":["post-6751","page","type-page","status-publish","hentry"],"featured_media_urls":[],"_links":{"self":[{"href":"https:\/\/www.saintes-escrime.com\/wpces\/wp-json\/wp\/v2\/pages\/6751","targetHints":{"allow":["GET"]}}],"collection":[{"href":"https:\/\/www.saintes-escrime.com\/wpces\/wp-json\/wp\/v2\/pages"}],"about":[{"href":"https:\/\/www.saintes-escrime.com\/wpces\/wp-json\/wp\/v2\/types\/page"}],"author":[{"embeddable":true,"href":"https:\/\/www.saintes-escrime.com\/wpces\/wp-json\/wp\/v2\/users\/1"}],"replies":[{"embeddable":true,"href":"https:\/\/www.saintes-escrime.com\/wpces\/wp-json\/wp\/v2\/comments?post=6751"}],"version-history":[{"count":16,"href":"https:\/\/www.saintes-escrime.com\/wpces\/wp-json\/wp\/v2\/pages\/6751\/revisions"}],"predecessor-version":[{"id":7092,"href":"https:\/\/www.saintes-escrime.com\/wpces\/wp-json\/wp\/v2\/pages\/6751\/revisions\/7092"}],"wp:attachment":[{"href":"https:\/\/www.saintes-escrime.com\/wpces\/wp-json\/wp\/v2\/media?parent=6751"}],"curies":[{"name":"wp","href":"https:\/\/api.w.org\/{rel}","templated":true}]}}